{"id":6,"date":"2023-01-31T22:21:14","date_gmt":"2023-01-31T21:21:14","guid":{"rendered":"https:\/\/erikimhoff.online\/?page_id=6"},"modified":"2024-04-02T19:16:40","modified_gmt":"2024-04-02T17:16:40","slug":"about-me","status":"publish","type":"page","link":"https:\/\/erikimhoff.online\/index.php\/about-me\/","title":{"rendered":"Kim jestem"},"content":{"rendered":"\n<p><strong>ABOUT ME<\/strong><\/p>\n\n\n\n<p><\/p>\n\n\n<div class=\"wp-block-image\">\n<figure class=\"alignleft size-full\"><img loading=\"lazy\" decoding=\"async\" width=\"300\" height=\"225\" src=\"https:\/\/erikimhoff.online\/wp-content\/uploads\/2023\/01\/erikporto2.webp\" alt=\"\" class=\"wp-image-7\"\/><\/figure>\n<\/div>\n\n\n<p>Mam na imi\u0119 Erik. Pochodz\u0119 z Kalifornii, ale od ponad 8 lat mieszkam w Polsce. Szkoli\u0142em si\u0119 jako nauczyciel j\u0119zyka angielskiego w Japonii. Wr\u00f3ci\u0142em do tego zawodu, gdy przeprowadzi\u0142em si\u0119 do Warszawy. Wiod\u0119 spe\u0142nione \u017cycie pe\u0142ne r\u00f3\u017cnorodnych do\u015bwiadcze\u0144, dzi\u0119ki czemu potrafi\u0119 nawi\u0105za\u0107 kontakt z ka\u017cdym cz\u0142owiekiem, jego zainteresowaniami i celami. Szczeg\u00f3lnie interesuj\u0105ce mnie tematy to nauka, psychologia, prawo, kultura, medytacja, muzyka, film i sztuka. Codziennie pracuj\u0119 z uczniami oraz uczennicami, kt\u00f3rych zainteresowania obejmuj\u0105 w\u0142a\u015bnie te tematy. Nie stronie jednak od biznesu, ekonomii i polityki. Ch\u0119tnie pomog\u0119 Ci w doskonaleniu umiej\u0119tno\u015bci j\u0119zykowych w dowolnej formie.<\/p>\n\n\n\n<p>Hello! My name is Erik. I am originally from California but have lived in Poland for over 7 years. I trained as an English teacher in Japan, and picked it up again when I moved to Warsaw. I&#8217;ve had a fulfilling life, which has given me many varied experiences, allowing me to connect and relate with anyone and their specific interests and goals. Personally, I find topics around science, psychology, law, culture, meditation, music, film and art to be particularly interesting. I regularly work with students whose interests include those topics, as well as business, economics and politics. I am happy to help you improve your language skills in any form.<\/p>\n\n\n\n<p><\/p>\n","protected":false},"excerpt":{"rendered":"<p>ABOUT ME Mam na imi\u0119 Erik. Pochodz\u0119 z Kalifornii, ale od ponad 8 lat mieszkam w Polsce. Szkoli\u0142em si\u0119 jako nauczyciel j\u0119zyka angielskiego w Japonii. Wr\u00f3ci\u0142em do tego zawodu, gdy przeprowadzi\u0142em si\u0119 do Warszawy. Wiod\u0119 spe\u0142nione \u017cycie pe\u0142ne r\u00f3\u017cnorodnych do\u015bwiadcze\u0144, dzi\u0119ki czemu potrafi\u0119 nawi\u0105za\u0107 kontakt z ka\u017cdym cz\u0142owiekiem, jego zainteresowaniami i celami. Szczeg\u00f3lnie interesuj\u0105ce mnie&hellip; <a class=\"more-link\" href=\"https:\/\/erikimhoff.online\/index.php\/about-me\/\">Continue reading <span class=\"screen-reader-text\">Kim jestem<\/span><\/a><\/p>\n","protected":false},"author":1,"featured_media":0,"parent":0,"menu_order":0,"comment_status":"closed","ping_status":"closed","template":"","meta":{"footnotes":""},"class_list":["post-6","page","type-page","status-publish","hentry","entry"],"_links":{"self":[{"href":"https:\/\/erikimhoff.online\/index.php\/wp-json\/wp\/v2\/pages\/6","targetHints":{"allow":["GET"]}}],"collection":[{"href":"https:\/\/erikimhoff.online\/index.php\/wp-json\/wp\/v2\/pages"}],"about":[{"href":"https:\/\/erikimhoff.online\/index.php\/wp-json\/wp\/v2\/types\/page"}],"author":[{"embeddable":true,"href":"https:\/\/erikimhoff.online\/index.php\/wp-json\/wp\/v2\/users\/1"}],"replies":[{"embeddable":true,"href":"https:\/\/erikimhoff.online\/index.php\/wp-json\/wp\/v2\/comments?post=6"}],"version-history":[{"count":12,"href":"https:\/\/erikimhoff.online\/index.php\/wp-json\/wp\/v2\/pages\/6\/revisions"}],"predecessor-version":[{"id":177,"href":"https:\/\/erikimhoff.online\/index.php\/wp-json\/wp\/v2\/pages\/6\/revisions\/177"}],"wp:attachment":[{"href":"https:\/\/erikimhoff.online\/index.php\/wp-json\/wp\/v2\/media?parent=6"}],"curies":[{"name":"wp","href":"https:\/\/api.w.org\/{rel}","templated":true}]}}