{"id":45,"date":"2023-02-04T15:01:13","date_gmt":"2023-02-04T14:01:13","guid":{"rendered":"https:\/\/erikimhoff.online\/?page_id=45"},"modified":"2023-07-30T08:58:02","modified_gmt":"2023-07-30T06:58:02","slug":"contact","status":"publish","type":"page","link":"https:\/\/erikimhoff.online\/index.php\/contact\/","title":{"rendered":"Kontakt"},"content":{"rendered":"\n<p><strong>Contact<\/strong><\/p>\n\n\n\n<p>Aby um\u00f3wi\u0107 si\u0119 na spotkanie, lub dowiedzie\u0107 si\u0119 wi\u0119cej o zaj\u0119ciach, napisz do mnie na adres: uncarvedrock@gmail.com<\/p>\n\n\n\n<p>To schedule a meeting, or find out more about classes, please email me at: uncarvedrock@gmail.com<\/p>\n","protected":false},"excerpt":{"rendered":"<p>Contact Aby um\u00f3wi\u0107 si\u0119 na spotkanie, lub dowiedzie\u0107 si\u0119 wi\u0119cej o zaj\u0119ciach, napisz do mnie na adres: uncarvedrock@gmail.com To schedule a meeting, or find out more about classes, please email me at: uncarvedrock@gmail.com<\/p>\n","protected":false},"author":1,"featured_media":0,"parent":0,"menu_order":0,"comment_status":"closed","ping_status":"closed","template":"","meta":{"footnotes":""},"class_list":["post-45","page","type-page","status-publish","hentry","entry"],"_links":{"self":[{"href":"https:\/\/erikimhoff.online\/index.php\/wp-json\/wp\/v2\/pages\/45","targetHints":{"allow":["GET"]}}],"collection":[{"href":"https:\/\/erikimhoff.online\/index.php\/wp-json\/wp\/v2\/pages"}],"about":[{"href":"https:\/\/erikimhoff.online\/index.php\/wp-json\/wp\/v2\/types\/page"}],"author":[{"embeddable":true,"href":"https:\/\/erikimhoff.online\/index.php\/wp-json\/wp\/v2\/users\/1"}],"replies":[{"embeddable":true,"href":"https:\/\/erikimhoff.online\/index.php\/wp-json\/wp\/v2\/comments?post=45"}],"version-history":[{"count":5,"href":"https:\/\/erikimhoff.online\/index.php\/wp-json\/wp\/v2\/pages\/45\/revisions"}],"predecessor-version":[{"id":139,"href":"https:\/\/erikimhoff.online\/index.php\/wp-json\/wp\/v2\/pages\/45\/revisions\/139"}],"wp:attachment":[{"href":"https:\/\/erikimhoff.online\/index.php\/wp-json\/wp\/v2\/media?parent=45"}],"curies":[{"name":"wp","href":"https:\/\/api.w.org\/{rel}","templated":true}]}}