{"id":23,"date":"2023-01-31T22:46:30","date_gmt":"2023-01-31T21:46:30","guid":{"rendered":"https:\/\/erikimhoff.online\/?page_id=23"},"modified":"2024-04-09T15:16:16","modified_gmt":"2024-04-09T13:16:16","slug":"recommendations","status":"publish","type":"page","link":"https:\/\/erikimhoff.online\/index.php\/recommendations\/","title":{"rendered":"Opinie"},"content":{"rendered":"\n<p><strong>RECOMMENDATIONS <\/strong><\/p>\n\n\n\n<p>Na zaj\u0119cia z Erikiem trafi\u0142am g\u0142\u00f3wnie po to, \u017ceby \u0107wiczy\u0107 p\u0142ynne m\u00f3wienie po angielsku. Zra\u017cona do\u015bwiadczeniami ze szk\u00f3\u0142 i innych dodatkowych zaj\u0119\u0107, dosy\u0107 sceptycznie podchodzi\u0142am do pierwszej lekcji. Dodatkowo towarzyszy\u0142 mi ogromny stres, bo w ko\u0144cu mia\u0142am m\u00f3wi\u0107 moim polingliszem przed PRAWDZIWYM Amerykaninem.<br>Ale ju\u017c po kilku minutach pierwszego spotkania ca\u0142y stres i zdystansowanie zamieni\u0142y si\u0119 w&nbsp;ekscytacj\u0119. Bo okaza\u0142o si\u0119, \u017ce angielski z Erikiem to Przygoda, dodatkowo za ka\u017cdym razem inna i r\u00f3wnie fascynuj\u0105ca.<br>Erik dobiera tematy lekcji pod zainteresowania swojego ucznia, jednocze\u015bnie \u201eprzyprawiaj\u0105c\u201d je swoj\u0105 w\u0142asn\u0105, ogromn\u0105 wiedz\u0105 o \u015bwiecie. Rozmawiali\u015bmy wi\u0119c o sztuce, nauce, psychologii, podr\u00f3\u017cach, edukacji\u2026 Dostawa\u0142am wspania\u0142e, wci\u0105gaj\u0105ce materia\u0142y do pracy (artyku\u0142y, linki do filmik\u00f3w, wywiady), a nast\u0119pnie wsp\u00f3lnie omawiali\u015bmy je podczas spotka\u0144. Cz\u0119sto okazywa\u0142o si\u0119, \u017ce godzina to za ma\u0142o, \u017ceby zamkn\u0105\u0107 dyskusje, bo czas z&nbsp;Erikiem przelatywa\u0142 niezauwa\u017cony!<br>Po mniej wi\u0119cej trzecich zaj\u0119ciach zauwa\u017cy\u0142am, jak widocznie si\u0119 rozlu\u017aniam, gdy m\u00f3wi\u0119 po angielsku. Opada\u0142y moje odwieczne bariery, nie ba\u0142am si\u0119 ju\u017c, \u017ce powiem co\u015b nie tak i czu\u0142am, \u017ce Erik zawsze da mi czas na zebranie my\u015bli i odnalezienie w\u0142a\u015bciwych s\u0142\u00f3w, a przy tym \u0142agodnie zwr\u00f3ci mi uwag\u0119 na b\u0142\u0119dy. Cudowna to by\u0142a odmiana po latach do\u015bwiadcze\u0144 z oceniaj\u0105cymi i wiecznie krytycznymi nauczycielami.<\/p>\n\n\n\n<p>I attended classes with Erik mainly to practice speaking English fluently. Discouraged by experiences from schools and other extracurricular activities, I approached the first lesson quite skeptically. Additionally, I was accompanied by immense stress because I was finally going to speak my &#8220;Polinglish&#8221; in front of a REAL American.<\/p>\n\n\n\n<p>But after just a few minutes of the first meeting, all the stress and distance turned into excitement. Because it turned out that English with Erik is an Adventure, different every time and equally fascinating. Erik chooses lesson topics based on his student&#8217;s interests, while &#8220;spicing&#8221; them up with his own vast knowledge of the world. So we talked about art, science, psychology, travel, education\u2026 I received wonderful, engaging materials to work with (articles, links to videos, interviews), and then we discussed them together during the sessions. It often turned out that an hour was not enough to finish the discussions because time with Erik flew by unnoticed!<\/p>\n\n\n\n<p>After about the third session, I noticed how visibly relaxed I became when speaking English. My eternal barriers were falling, I was no longer afraid to say something wrong, and I felt that Erik would always give me time to gather my thoughts and find the right words, while gently pointing out mistakes. It was a wonderful change after years of experiences with judgmental and perpetually critical teachers.<\/p>\n\n\n\n<p>-Lena<\/p>\n\n\n\n<p>Powiedzie\u0107, \u017ce Erik jest nauczycielem angielskiego, to powiedzie\u0107 po\u0142ow\u0119 prawdy. Erik jest b\u0142yskotliwym i pe\u0142nym empatii rozm\u00f3wc\u0105, kt\u00f3ry potrafi cierpliwie i skutecznie przeprowadzi\u0107 przez pu\u0142apki i subtelno\u015bci j\u0119zyka angielskiego.<\/p>\n\n\n\n<p>To say that Erik is an English teacher is to say half of the truth. Erik is a brilliant and emphatic interlocutor who patiently and effectively leads between the traps of the English language.<\/p>\n\n\n\n<p>-Dr. Adam Aduszkiewicz, PhD<\/p>\n\n\n\n<p>Eryk to najlepszy Nauczyciel angielskiego jakiego mia\u0142am.Dopasowuje si\u0119 do potrzeb ucznia.Mo\u017cna z Nim porozmawia\u0107 na ka\u017cdy temat.Ma \u0142atwo\u015b\u0107 przekazywania i wyja\u015bniania kwestii gramatycznych.<\/p>\n\n\n\n<p>Erik is the best English teacher I\u2019ve ever had.It is possible to talk with him about everything,he is an open minded person.In my opinion Erik is the best grammar teacher.<\/p>\n\n\n\n<p>-Asia<\/p>\n\n\n\n<p>Je\u015bli szukasz nauczyciela angielskiego, lepiej nie mog\u0142a\u015b\/mog\u0142e\u015b trafi\u0107. Erik jest nie tylko \u015bwietnym nauczycielem, ale r\u00f3wnie\u017c fajnym go\u015bciem o szerokich zainteresowaniach, ciekawym spojrzeniu na \u015bwiat i wyj\u0105tkowym poczuciu humoru. Ka\u017cda lekcja to fascynuj\u0105ca podr\u00f3\u017c przez rzeczywisto\u015b\u0107 widzian\u0105 oczami kogo\u015b, kto zje\u017adzi\u0142 p\u00f3\u0142 \u015bwiata, a jednak zdecydowa\u0142 si\u0119 zamieszka\u0107 w Polsce i dzieli\u0107 z nami trudy \u017cycia przeci\u0119tnego Kowalskiego. Dlaczego spytasz? Nie licz na to, \u017ce ograbi\u0119 Ci\u0119 z samodzielnych docieka\u0144. To pytanie, kt\u00f3re sama\/sam mo\u017cesz mu zada\u0107.<\/p>\n\n\n\n<p>-Piotr<\/p>\n","protected":false},"excerpt":{"rendered":"<p>RECOMMENDATIONS Na zaj\u0119cia z Erikiem trafi\u0142am g\u0142\u00f3wnie po to, \u017ceby \u0107wiczy\u0107 p\u0142ynne m\u00f3wienie po angielsku. Zra\u017cona do\u015bwiadczeniami ze szk\u00f3\u0142 i innych dodatkowych zaj\u0119\u0107, dosy\u0107 sceptycznie podchodzi\u0142am do pierwszej lekcji. Dodatkowo towarzyszy\u0142 mi ogromny stres, bo w ko\u0144cu mia\u0142am m\u00f3wi\u0107 moim polingliszem przed PRAWDZIWYM Amerykaninem.Ale ju\u017c po kilku minutach pierwszego spotkania ca\u0142y stres i zdystansowanie zamieni\u0142y&hellip; <a class=\"more-link\" href=\"https:\/\/erikimhoff.online\/index.php\/recommendations\/\">Continue reading <span class=\"screen-reader-text\">Opinie<\/span><\/a><\/p>\n","protected":false},"author":1,"featured_media":0,"parent":0,"menu_order":0,"comment_status":"closed","ping_status":"closed","template":"","meta":{"footnotes":""},"class_list":["post-23","page","type-page","status-publish","hentry","entry"],"_links":{"self":[{"href":"https:\/\/erikimhoff.online\/index.php\/wp-json\/wp\/v2\/pages\/23","targetHints":{"allow":["GET"]}}],"collection":[{"href":"https:\/\/erikimhoff.online\/index.php\/wp-json\/wp\/v2\/pages"}],"about":[{"href":"https:\/\/erikimhoff.online\/index.php\/wp-json\/wp\/v2\/types\/page"}],"author":[{"embeddable":true,"href":"https:\/\/erikimhoff.online\/index.php\/wp-json\/wp\/v2\/users\/1"}],"replies":[{"embeddable":true,"href":"https:\/\/erikimhoff.online\/index.php\/wp-json\/wp\/v2\/comments?post=23"}],"version-history":[{"count":13,"href":"https:\/\/erikimhoff.online\/index.php\/wp-json\/wp\/v2\/pages\/23\/revisions"}],"predecessor-version":[{"id":183,"href":"https:\/\/erikimhoff.online\/index.php\/wp-json\/wp\/v2\/pages\/23\/revisions\/183"}],"wp:attachment":[{"href":"https:\/\/erikimhoff.online\/index.php\/wp-json\/wp\/v2\/media?parent=23"}],"curies":[{"name":"wp","href":"https:\/\/api.w.org\/{rel}","templated":true}]}}