{"id":12,"date":"2023-01-31T22:23:54","date_gmt":"2023-01-31T21:23:54","guid":{"rendered":"https:\/\/erikimhoff.online\/?page_id=12"},"modified":"2024-04-02T19:19:11","modified_gmt":"2024-04-02T17:19:11","slug":"how-i-teach","status":"publish","type":"page","link":"https:\/\/erikimhoff.online\/index.php\/how-i-teach\/","title":{"rendered":"Jak ucz\u0119"},"content":{"rendered":"\n<p><strong>HOW I TEACH<\/strong><\/p>\n\n\n\n<p>Chocia\u017c zosta\u0142em przeszkolony w zakresie tradycyjnych metod, kt\u00f3rych w razie potrzeby u\u017cywam, kontynuuj\u0119 r\u00f3wnie\u017c rozszerzanie moich kompetencji o nowe metody. Dzi\u0119ki temu jestem elastyczny i potrafi\u0119 odpowiedzie\u0107 na specyficzne potrzeby ka\u017cdego ucznia\/uczennicy. Wi\u0119kszo\u015b\u0107 os\u00f3b, kt\u00f3re si\u0119 do mnie zg\u0142aszaj\u0105, zazwyczaj znaj\u0105 zasady gramatyki i dysponuj\u0105 dobrym s\u0142ownictwem. Ich g\u0142\u00f3wn\u0105 potrzeb\u0105 jest nabycie umiej\u0119tno\u015bci pewnego siebie oraz sp\u00f3jnego wyra\u017cania si\u0119, poszerzanie s\u0142ownictwa, znajomo\u015bci idiom\u00f3w oraz pog\u0142\u0119bienie zrozumienia takich czas\u00f3w jak <em>present perfect<\/em> czy innych struktur gramatycznych stanowi\u0105cych wyzwanie.<br><br><strong>Atmosfera<\/strong><br><br>Aby\u015bmy mogli osi\u0105gn\u0105\u0107 postawione przez ucznia\/uczennic\u0119 cele, wa\u017cne jest stworzenie odpowiedniej atmosfery, w kt\u00f3rej podejmowanie ryzyka jest bezpieczne. Ucz\u0119, lecz przede wszystkim s\u0142ucham, delikatnie podpowiadam, modeluj\u0119 &#8220;poprawn\u0105&#8221; wersj\u0119 i wyja\u015bniam, kiedy zachodzi taka potrzeba. Staram si\u0119, aby ka\u017cde spotkanie by\u0142o swobodne i lekkie, co okazuje si\u0119 by\u0107 skuteczn\u0105 metod\u0105 nauki. Dzieje si\u0119 tak dlatego, \u017ce ka\u017cdy ucze\u0144\/uczennica jest swoim najlepszym nauczycielem i nauczycielk\u0105. Tylko poprzez dzia\u0142anie mo\u017cna si\u0119 naprawd\u0119 nauczy\u0107. Korzystanie z tego, co si\u0119 ju\u017c wie i przyswajanie nowych tre\u015bci poprzez m\u00f3wienie lub pisanie jest najlepszym sposobem na rozwini\u0119cie pewno\u015bci siebie, jasno\u015bci wypowiedzi i p\u0142ynno\u015bci.<br><br><strong>Styl prowadzenia zaj\u0119\u0107<\/strong><br><br>Na moich zaj\u0119ciach na poziomie \u015brednim i wy\u017cszym zazwyczaj u\u017cywamy artyku\u0142\u00f3w i film\u00f3w, kt\u00f3re s\u0105 stworzone do czytania i ogl\u0105dania dla native speaker\u00f3w. Tematy s\u0105 dowolne, w zale\u017cno\u015bci od zainteresowa\u0144 i potrzeb ucznia\/uczennicy. Razem, jako zesp\u00f3\u0142, poszerzamy umiej\u0119tno\u015bci. Nowe s\u0142ownictwo pojawia si\u0119 naturalnie w materiale, wi\u0119c pracujemy nad zrozumieniem nowych s\u0142\u00f3w najpierw poprzez kontekst, a nast\u0119pnie poprzez inne angielskie synonimy. Kiedy ucze\u0144 lub uczennica wyja\u015bnia mi materia\u0142 i swoje przemy\u015blenia na jego temat, zar\u00f3wno w j\u0119zyku m\u00f3wionym, jak i pisanym, wsp\u00f3lnie odkrywamy najlepsze sposoby na wyra\u017cenie swoich my\u015bli przy u\u017cyciu odpowiednich s\u0142\u00f3w i w\u0142a\u015bciwej gramatyki.<br><br>Na moich zaj\u0119ciach na ni\u017cszym poziomie u\u017cywamy g\u0142\u00f3wnie materia\u0142\u00f3w przeznaczonych dla os\u00f3b nie b\u0119d\u0105cych rodzimymi u\u017cytkownikami j\u0119zyka, lecz zawsze z uwzgl\u0119dnieniem specyficznych zainteresowa\u0144 i potrzeb ucznia\/uczennicy.<br><br>Dost\u0119pne s\u0105 r\u00f3wnie\u017c zaj\u0119cia specjalistyczne. Na przyk\u0142ad, niekt\u00f3rzy potrzebuj\u0105 pomocy w \u0107wiczeniu prezentacji lub przygotowaniu si\u0119 do rozmowy kwalifikacyjnej w j\u0119zyku angielskim. S\u0105 to zazwyczaj zaj\u0119cia kr\u00f3tkoterminowe i intensywne. Wi\u0119cej informacji mo\u017cna znale\u017a\u0107 na stronie <a href=\"https:\/\/erikimhoff.online\/index.php\/offer\/\" data-type=\"URL\" data-id=\"https:\/\/erikimhoff.online\/index.php\/offer\/\">&#8220;<strong>Oferta<\/strong>&#8220;.<\/a><\/p>\n","protected":false},"excerpt":{"rendered":"<p>HOW I TEACH Chocia\u017c zosta\u0142em przeszkolony w zakresie tradycyjnych metod, kt\u00f3rych w razie potrzeby u\u017cywam, kontynuuj\u0119 r\u00f3wnie\u017c rozszerzanie moich kompetencji o nowe metody. Dzi\u0119ki temu jestem elastyczny i potrafi\u0119 odpowiedzie\u0107 na specyficzne potrzeby ka\u017cdego ucznia\/uczennicy. Wi\u0119kszo\u015b\u0107 os\u00f3b, kt\u00f3re si\u0119 do mnie zg\u0142aszaj\u0105, zazwyczaj znaj\u0105 zasady gramatyki i dysponuj\u0105 dobrym s\u0142ownictwem. Ich g\u0142\u00f3wn\u0105 potrzeb\u0105 jest nabycie&hellip; <a class=\"more-link\" href=\"https:\/\/erikimhoff.online\/index.php\/how-i-teach\/\">Continue reading <span class=\"screen-reader-text\">Jak ucz\u0119<\/span><\/a><\/p>\n","protected":false},"author":1,"featured_media":0,"parent":0,"menu_order":0,"comment_status":"closed","ping_status":"closed","template":"","meta":{"footnotes":""},"class_list":["post-12","page","type-page","status-publish","hentry","entry"],"_links":{"self":[{"href":"https:\/\/erikimhoff.online\/index.php\/wp-json\/wp\/v2\/pages\/12","targetHints":{"allow":["GET"]}}],"collection":[{"href":"https:\/\/erikimhoff.online\/index.php\/wp-json\/wp\/v2\/pages"}],"about":[{"href":"https:\/\/erikimhoff.online\/index.php\/wp-json\/wp\/v2\/types\/page"}],"author":[{"embeddable":true,"href":"https:\/\/erikimhoff.online\/index.php\/wp-json\/wp\/v2\/users\/1"}],"replies":[{"embeddable":true,"href":"https:\/\/erikimhoff.online\/index.php\/wp-json\/wp\/v2\/comments?post=12"}],"version-history":[{"count":9,"href":"https:\/\/erikimhoff.online\/index.php\/wp-json\/wp\/v2\/pages\/12\/revisions"}],"predecessor-version":[{"id":179,"href":"https:\/\/erikimhoff.online\/index.php\/wp-json\/wp\/v2\/pages\/12\/revisions\/179"}],"wp:attachment":[{"href":"https:\/\/erikimhoff.online\/index.php\/wp-json\/wp\/v2\/media?parent=12"}],"curies":[{"name":"wp","href":"https:\/\/api.w.org\/{rel}","templated":true}]}}