{"id":10,"date":"2023-01-31T22:22:58","date_gmt":"2023-01-31T21:22:58","guid":{"rendered":"https:\/\/erikimhoff.online\/?page_id=10"},"modified":"2023-07-30T08:58:30","modified_gmt":"2023-07-30T06:58:30","slug":"offer","status":"publish","type":"page","link":"https:\/\/erikimhoff.online\/index.php\/offer\/","title":{"rendered":"Oferta"},"content":{"rendered":"\n<p><strong>OFFER<\/strong><\/p>\n\n\n\n<p class=\"has-medium-font-size\">Nasze pierwsze spotkanie z uczniem\/uczennic\u0105 jest bezp\u0142atne i trwa zazwyczaj oko\u0142o 45 minut. W tym czasie omawiamy cele, zainteresowania i metodologi\u0119, dzi\u0119ki czemu mo\u017cemy ustali\u0107, kt\u00f3ry rodzaj zaj\u0119\u0107 i system cenowy sprawdz\u0105 si\u0119 najlepiej.<br><br>Ceny wahaj\u0105 si\u0119 od 110-150 z\u0142 za spotkanie w zale\u017cno\u015bci od rodzaju zaj\u0119\u0107 i tego, jaka metoda b\u0119dzie mia\u0142a zastosowanie. Ka\u017cde spotkanie trwa oko\u0142o 1 godziny. Na zaj\u0119cia wystawiana jest faktura. Wszystkie zaj\u0119cia odbywaj\u0105 si\u0119 online.<br><br><strong>Regularne zaj\u0119cia d\u0142ugoterminowe<\/strong><br><br><strong>Konwersacja <\/strong>kosztuje 110 Z\u0141. Na tych zaj\u0119ciach rozmawiamy na dowolny temat. Wi\u0119kszo\u015b\u0107 uczennic i uczni\u00f3w chce porusza\u0107 tematy zwi\u0105zane z ich prac\u0105 lub studiami, ale tak\u017ce z ich osobistymi zainteresowaniami i hobby. Wprowadzamy nowe s\u0142ownictwo, zazwyczaj poprzez \u017ar\u00f3d\u0142o tematyczne wybierane przeze mnie lub ucznia\/uczennic\u0119, takie jak artyku\u0142 lub film. Ucze\u0144\/uczennica jest zach\u0119cany\/a do nauki nowego s\u0142ownictwa poprzez kontekst. Podczas spotkania sprawdzam zrozumienie s\u0142ownictwa, zach\u0119cam ucznia\/uczennic\u0119 do rozmowy na dany temat i poprawiam, gdy jest to konieczne.<br><br><strong>Zaj\u0119cia z pisania <\/strong>kosztuj\u0105 120-130 z\u0142. S\u0105 podobne do konwersacji &#8211; \u0107wiczenia z pisania odbywaj\u0105 si\u0119 zar\u00f3wno na zaj\u0119ciach, jak i poza nimi. Cena zale\u017cy od tego, ile zada\u0144 domowych \u017cyczy sobie ucze\u0144\/uczennica.<br><br><strong>Zaj\u0119cia <em>premium <\/em><\/strong>kosztuj\u0105 130 z\u0142. Te zaj\u0119cia czerpi\u0105 z podobnych zasob\u00f3w jak w przypadku zaj\u0119\u0107 wymienionych powy\u017cej, jednak obejmuj\u0105 tak\u017ce dostosowane do indywidualnych potrzeb ucznia\/uczennicy zadania domowe pomagaj\u0105ce w opanowaniu s\u0142ownictwa, gramatyki, pisania, m\u00f3wienia oraz s\u0142uchania.<br><br><strong>Grupa:<\/strong> 150 Z\u0141. Mo\u017cliwe s\u0105 grupy do 3 uczni\u00f3w\/uczennic. Po wi\u0119cej informacji prosz\u0119 o kontakt: uncarvedrock@gmail.com<\/p>\n\n\n\n<p><strong>Specjalne zaj\u0119cia kr\u00f3tkoterminowe<\/strong><br><br><strong>\u0106wiczenie rozmowy kwalifikacyjnej\/prezentacji<\/strong> kosztuje 150z\u0142. S\u0105 to zazwyczaj zaj\u0119cia kr\u00f3tkoterminowe, cz\u0119sto odbywaj\u0105 si\u0119 kilka razy w tygodniu poprzedzaj\u0105cych rozmow\u0119 kwalifikacyjn\u0105 lub prezentacj\u0119. Uwaga: zaj\u0119cia z rozmowy kwalifikacyjnej i prezentacji s\u0105 \u015bwiadczone dla regularnych, d\u0142ugoterminowych student\u00f3w po obni\u017conej stawce.<br><br><strong>Us\u0142ugi dodatkowe<\/strong><br><br><strong>Korekta:<\/strong> Prosz\u0119 o kontakt w sprawie cennika.<\/p>\n\n\n\n<p><\/p>\n\n\n\n<p><\/p>\n","protected":false},"excerpt":{"rendered":"<p>OFFER Nasze pierwsze spotkanie z uczniem\/uczennic\u0105 jest bezp\u0142atne i trwa zazwyczaj oko\u0142o 45 minut. W tym czasie omawiamy cele, zainteresowania i metodologi\u0119, dzi\u0119ki czemu mo\u017cemy ustali\u0107, kt\u00f3ry rodzaj zaj\u0119\u0107 i system cenowy sprawdz\u0105 si\u0119 najlepiej. Ceny wahaj\u0105 si\u0119 od 110-150 z\u0142 za spotkanie w zale\u017cno\u015bci od rodzaju zaj\u0119\u0107 i tego, jaka metoda b\u0119dzie mia\u0142a zastosowanie.&hellip; <a class=\"more-link\" href=\"https:\/\/erikimhoff.online\/index.php\/offer\/\">Continue reading <span class=\"screen-reader-text\">Oferta<\/span><\/a><\/p>\n","protected":false},"author":1,"featured_media":0,"parent":0,"menu_order":0,"comment_status":"closed","ping_status":"closed","template":"","meta":{"footnotes":""},"class_list":["post-10","page","type-page","status-publish","hentry","entry"],"_links":{"self":[{"href":"https:\/\/erikimhoff.online\/index.php\/wp-json\/wp\/v2\/pages\/10","targetHints":{"allow":["GET"]}}],"collection":[{"href":"https:\/\/erikimhoff.online\/index.php\/wp-json\/wp\/v2\/pages"}],"about":[{"href":"https:\/\/erikimhoff.online\/index.php\/wp-json\/wp\/v2\/types\/page"}],"author":[{"embeddable":true,"href":"https:\/\/erikimhoff.online\/index.php\/wp-json\/wp\/v2\/users\/1"}],"replies":[{"embeddable":true,"href":"https:\/\/erikimhoff.online\/index.php\/wp-json\/wp\/v2\/comments?post=10"}],"version-history":[{"count":12,"href":"https:\/\/erikimhoff.online\/index.php\/wp-json\/wp\/v2\/pages\/10\/revisions"}],"predecessor-version":[{"id":140,"href":"https:\/\/erikimhoff.online\/index.php\/wp-json\/wp\/v2\/pages\/10\/revisions\/140"}],"wp:attachment":[{"href":"https:\/\/erikimhoff.online\/index.php\/wp-json\/wp\/v2\/media?parent=10"}],"curies":[{"name":"wp","href":"https:\/\/api.w.org\/{rel}","templated":true}]}}